{"id":2,"date":"2019-08-20T19:01:54","date_gmt":"2019-08-20T17:01:54","guid":{"rendered":"https:\/\/www.pharmaceutical-consulting.de:88\/?page_id=2"},"modified":"2022-03-30T20:34:11","modified_gmt":"2022-03-30T18:34:11","slug":"beispiel-seite","status":"publish","type":"page","link":"https:\/\/www.pharmaceutical-consulting.de\/?page_id=2","title":{"rendered":"Imprint"},"content":{"rendered":"\n<p style=\"text-transform:uppercase\">Impressum<\/p>\n\n\n\n<p>VERANTWORTLICH F\u00dcR DEN BETRIEB DIESER WEBSEITE<\/p>\n\n\n\n<p>Karen Neiss<br>Senior Projektmanager<br>Amselweg 1<br>35647 Waldsolms<br>Telefon: +49 (0) 6085 989628<br>Telefax: +49 (0) 6085 989629<br>E-Mail: <a href=\"mailto:neiss_k@web.de\">neiss_k@web.de<\/a><\/p>\n\n\n\n<p>UST-IDNR<\/p>\n\n\n\n<p>DE815098678<\/p>\n\n\n\n<p>DESIGN<\/p>\n\n\n\n<p>Crowdcreation GmbH<\/p>\n\n\n\n<p>STREITSCHLICHTUNG<\/p>\n\n\n\n<p>Zur au\u00dfergerichtlichen Beilegung von verbraucherrechtlichen Streitigkeiten hat die Europ\u00e4ische Union eine Online-Plattform (\u201cOS-Plattform\u201d) eingerichtet, an die Sie sich wenden k\u00f6nnen. Die Plattform finden Sie unter https:\/\/ec.europa.eu\/consumers\/odr\/.<\/p>\n\n\n\n<p>HAFTUNGSHINWEIS<\/p>\n\n\n\n<p>Trotz sorgf\u00e4ltiger Zusammenstellung der f\u00fcr die Seite aufbereiteten Informationen \u00fcbernehmen wir keine Gew\u00e4hr f\u00fcr deren Vollst\u00e4ndigkeit und\/oder Richtigkeit.<br>Auf die Inhalte von Drittangeboten, auf die ggf. von pharmaceutical-consulting.de verlinkt wird, haben wir keinerlei Einfluss und \u00fcbernehmen keine Gew\u00e4hr.<\/p>\n\n\n\n<p>LINKDISCLAIMER<\/p>\n\n\n\n<p>Diese Website kann Verkn\u00fcpfungen zu Websites Dritter (&#8220;externe Links&#8221;) enthalten. Wir \u00fcberpr\u00fcfen bei der erstmaligen Verkn\u00fcpfung der externen Links die fremden Inhalte daraufhin, ob etwaige Rechtsverst\u00f6\u00dfe bestehen. Sofern keine Rechtsverst\u00f6\u00dfe ersichtlich sind, lassen wir eine entsprechende Verlinkung zu. Wir haben keinerlei Einfluss auf die aktuelle und zuk\u00fcnftige Gestaltung sowie auf die Inhalte oder Angebote der verkn\u00fcpften Seiten. Wir distanzieren uns daher ausdr\u00fccklich von allen Inhalten aller gelinkten\/verkn\u00fcpften Seiten, die nach der Linksetzung ver\u00e4ndert wurden. Diese Feststellung gilt f\u00fcr alle innerhalb des eigenen Internetangebotes gesetzten Links und Verweise. F\u00fcr illegale, fehlerhafte oder unvollst\u00e4ndige Inhalte und insbesondere f\u00fcr Sch\u00e4den, die aus der Nutzung oder Nichtnutzung solcher Art dargebotener Informationen entstehen, haftet allein der Anbieter der Seite, auf welche verwiesen wurde. Bei Kenntnis von Rechtsverst\u00f6\u00dfen werden externe Links unverz\u00fcglich gel\u00f6scht. Bitte weisen Sie uns gegebenenfalls daraufhin.<\/p>\n\n\n\n<p>URHEBERRECHT<\/p>\n\n\n\n<p>Die durch die Seitenbetreiber erstellten Inhalte und Werke auf dieser Seite unterliegen dem deutschen Urheberrecht. Die Vervielf\u00e4ltigung, Bearbeitung, Verbreitung und jede Art der Verwertung au\u00dferhalb der Grenzen des Urheberrechtes bed\u00fcrfen der schriftlichen Zustimmung des jeweiligen Autors bzw. Erstellers. Downloads und Kopien dieser Seite sind nur f\u00fcr den privaten, nicht kommerziellen Gebrauch gestattet. Soweit die Inhalte auf dieser Seite nicht vom Betreiber erstellt wurden, werden die Urheberrechte Dritter beachtet. Sollten Sie trotzdem auf eine Urheberrechtsverletzung aufmerksam werden, bitten wir um einen entsprechenden Hinweis. Bei Bekanntwerden von Rechtsverletzungen werden wir derartige Inhalte umgehend entfernen.<br>Diese Website darf ohne unsere schriftliche Erlaubnis nicht durch Dritte in Frames oder iFrames dargestellt werden.<\/p>\n\n\n\n<p>WERBUNG<\/p>\n\n\n\n<p>Der Nutzung von im Rahmen der Impressumspflicht ver\u00f6ffentlichten Kontaktdaten durch Dritte zur \u00dcbersendung von nicht ausdr\u00fccklich angeforderter Werbung und Informationsmaterialien wird hiermit ausdr\u00fccklich widersprochen, es sei denn der Betreiber hat hierzu im Vorfeld seine schriftliche Einwilligung erteilt oder es besteht bereits eine Gesch\u00e4ftsbeziehung. Der Betreiber der Seiten beh\u00e4lt sich ausdr\u00fccklich rechtliche Schritte im Falle der unverlangten Zusendung von Werbeinformationen vor, wie etwa durch Spam E-Mails.<\/p>\n","protected":false},"excerpt":{"rendered":"<p>Impressum VERANTWORTLICH F\u00dcR DEN BETRIEB DIESER WEBSEITE Karen NeissSenior ProjektmanagerAmselweg 135647 WaldsolmsTelefon: +49 (0) 6085 989628Telefax: +49 (0) 6085 989629E-Mail: neiss_k@web.de UST-IDNR DE815098678 DESIGN Crowdcreation GmbH STREITSCHLICHTUNG Zur au\u00dfergerichtlichen Beilegung von verbraucherrechtlichen Streitigkeiten hat die Europ\u00e4ische Union eine Online-Plattform (\u201cOS-Plattform\u201d) eingerichtet, an die Sie sich wenden k\u00f6nnen. Die Plattform finden Sie unter https:\/\/ec.europa.eu\/consumers\/odr\/. HAFTUNGSHINWEIS Trotz &hellip; <\/p>\n<p class=\"link-more\"><a href=\"https:\/\/www.pharmaceutical-consulting.de\/?page_id=2\" class=\"more-link\">Continue reading<span class=\"screen-reader-text\"> &#8220;Imprint&#8221;<\/span><\/a><\/p>\n","protected":false},"author":1,"featured_media":0,"parent":0,"menu_order":0,"comment_status":"closed","ping_status":"open","template":"","meta":[],"_links":{"self":[{"href":"https:\/\/www.pharmaceutical-consulting.de\/index.php?rest_route=\/wp\/v2\/pages\/2"}],"collection":[{"href":"https:\/\/www.pharmaceutical-consulting.de\/index.php?rest_route=\/wp\/v2\/pages"}],"about":[{"href":"https:\/\/www.pharmaceutical-consulting.de\/index.php?rest_route=\/wp\/v2\/types\/page"}],"author":[{"embeddable":true,"href":"https:\/\/www.pharmaceutical-consulting.de\/index.php?rest_route=\/wp\/v2\/users\/1"}],"replies":[{"embeddable":true,"href":"https:\/\/www.pharmaceutical-consulting.de\/index.php?rest_route=%2Fwp%2Fv2%2Fcomments&post=2"}],"version-history":[{"count":4,"href":"https:\/\/www.pharmaceutical-consulting.de\/index.php?rest_route=\/wp\/v2\/pages\/2\/revisions"}],"predecessor-version":[{"id":113,"href":"https:\/\/www.pharmaceutical-consulting.de\/index.php?rest_route=\/wp\/v2\/pages\/2\/revisions\/113"}],"wp:attachment":[{"href":"https:\/\/www.pharmaceutical-consulting.de\/index.php?rest_route=%2Fwp%2Fv2%2Fmedia&parent=2"}],"curies":[{"name":"wp","href":"https:\/\/api.w.org\/{rel}","templated":true}]}}